{"id":248,"date":"2023-01-26T20:58:31","date_gmt":"2023-01-26T20:58:31","guid":{"rendered":"https:\/\/faturemed.com.br\/?page_id=248"},"modified":"2025-06-27T13:52:28","modified_gmt":"2025-06-27T13:52:28","slug":"inicio","status":"publish","type":"page","link":"https:\/\/faturemed.com.br\/index.php\/inicio\/","title":{"rendered":"In\u00edcio"},"content":{"rendered":"<h6>\n\t\t\t\t\t\tE-mail<br \/>\n\t\t\t\t<\/h6>\n<p>\n\t\t\t\t\t\tadm@faturemed.com.br\t\t\t\t\t<\/p>\n<h6>\n\t\t\t\t\t\tENDERE\u00c7O.<br \/>\n\t\t\t\t<\/h6>\n<p>\n\t\t\t\t\t\tPresidente Vargas 435\t\t\t\t\t<\/p>\n<h1>Faturamento M\u00e9dico Terceirizado.<\/h1>\n<h3>N\u00f3s oferecemos solu\u00e7\u00f5es eficazes para garantir que voc\u00ea esteja sempre em conformidade e recebendo o valor m\u00e1ximo pelo seu Faturamento M\u00e9dico. Confie em n\u00f3s para lhe ajudar a se concentrar no que realmente importa, atender seus pacientes.<\/h3>\n<p>            <a href=\"https:\/\/wa.me\/5521959090244\" data-text=\"Go!\"><br \/>\n                    Fale Conosco<br \/>\n\t                        <\/a><br \/>\n\t\t\t\t\t\t\t\t\t\t\t\t\t\t\t<img decoding=\"async\" width=\"613\" height=\"661\" src=\"http:\/\/faturemed.com.br\/wp-content\/uploads\/2023\/11\/FATURAMENTO-MEDICO-HOSPITALAR-TERCEIRIZADO-1.png-1-1.webp\" alt=\"FATURAMENTO-MEDICO-HOSPITALAR-TERCEIRIZADO- RIO DE JANEIRO\" loading=\"lazy\" srcset=\"https:\/\/faturemed.com.br\/wp-content\/uploads\/2023\/11\/FATURAMENTO-MEDICO-HOSPITALAR-TERCEIRIZADO-1.png-1-1.webp 613w, https:\/\/faturemed.com.br\/wp-content\/uploads\/2023\/11\/FATURAMENTO-MEDICO-HOSPITALAR-TERCEIRIZADO-1.png-1-1-278x300.webp 278w\" sizes=\"auto, (max-width: 613px) 100vw, 613px\" \/><br \/>\n\t\t\t\t\t\t\t\t\t\t\t\t\t\t\t<img decoding=\"async\" width=\"635\" height=\"606\" src=\"http:\/\/faturemed.com.br\/wp-content\/uploads\/2023\/01\/Medical.png\" alt=\"\" loading=\"lazy\" srcset=\"https:\/\/faturemed.com.br\/wp-content\/uploads\/2023\/01\/Medical.png 635w, https:\/\/faturemed.com.br\/wp-content\/uploads\/2023\/01\/Medical-600x573.png 600w, https:\/\/faturemed.com.br\/wp-content\/uploads\/2023\/01\/Medical-300x286.png 300w\" sizes=\"auto, (max-width: 635px) 100vw, 635px\" \/>\t\t\t\t\t\t\t\t\t\t\t\t\t\t\t<\/p>\n<h2>Faturamento M\u00e9dico Terceirizado no rio de janeiro<\/h2>\n<h2><font style=\"vertical-align: inherit;\"><font style=\"vertical-align: inherit;\">Ajudamos voc\u00ea a alavancar o seu Faturamento M\u00e9dico<\/font><\/font><font style=\"vertical-align: inherit;\"><font style=\"vertical-align: inherit;\">.<\/font><\/font><\/h2>\n<p>O Faturamento M\u00e9dico n\u00e3o pode ser tratado apenas como um setor de contas a receber, afinal, ele \u00e9 um dos setores mais importantes na administra\u00e7\u00e3o financeira de uma institui\u00e7\u00e3o, vamos elaborar uma proposta de credenciamento, realizar reajustes de contratos e tabelas, solicitar extens\u00f5es, e faturar com excel\u00eancia para todas as suas operadoras de sa\u00fade<\/p>\n<p>\t\t\t\t\t\t\t\t\t\t\t\t\t\t\t<picture><source srcset=\"https:\/\/faturemed.com.br\/wp-content\/uploads\/2023\/06\/Design_sem_nome-removebg-preview.webp 420w, https:\/\/faturemed.com.br\/wp-content\/uploads\/2023\/06\/Design_sem_nome-removebg-preview-212x300.png 212w\" sizes=\"auto, (max-width: 420px) 100vw, 420px\" type=\"image\/webp\"><img src=\"http:\/\/faturemed.com.br\/wp-content\/uploads\/2023\/06\/Design_sem_nome-removebg-preview.png\" height=\"594\" width=\"420\" srcset=\"https:\/\/faturemed.com.br\/wp-content\/uploads\/2023\/06\/Design_sem_nome-removebg-preview.png 420w, https:\/\/faturemed.com.br\/wp-content\/uploads\/2023\/06\/Design_sem_nome-removebg-preview-212x300.png 212w\" sizes=\"auto, (max-width: 420px) 100vw, 420px\" class=\" sp-no-webp\" alt=\"\" decoding=\"async\" loading=\"lazy\"  > <\/picture>\t\t\t\t\t\t\t\t\t\t\t\t\t\t\t<\/p>\n<h3>Aplicativo exclusivo<\/h3>\n<p>Nosso programa oferece acesso em tempo real \u00e0s informa\u00e7\u00f5es do seu faturamento , proporcionando o controle preciso e imediato sobre seus ganhos.<\/p>\n<ul>\n<li>\n\t\t\t\t\t\t\t<svg xmlns=\"http:\/\/www.w3.org\/2000\/svg\" id=\"fa0b17c7-412d-4376-bb37-94dca2d30d12\" data-name=\"Layer 1\" width=\"32\" height=\"32\" viewBox=\"0 0 32 32\"><circle cx=\"16\" cy=\"16\" r=\"16\" style=\"isolation:isolate\"><\/circle><path d=\"M10.877,16.4545,15.21,21,23.877,11\" transform=\"translate(-0.877)\" style=\"fill:none;stroke:#0d3276\"><\/path><\/svg><br \/>\n\t\t\t\t\t\t\t\t\t\tInforma\u00e7\u00f5es precisas\n\t\t\t\t\t\t\t\t\t<\/li>\n<li>\n\t\t\t\t\t\t\t<svg xmlns=\"http:\/\/www.w3.org\/2000\/svg\" id=\"fa0b17c7-412d-4376-bb37-94dca2d30d12\" data-name=\"Layer 1\" width=\"32\" height=\"32\" viewBox=\"0 0 32 32\"><circle cx=\"16\" cy=\"16\" r=\"16\" style=\"isolation:isolate\"><\/circle><path d=\"M10.877,16.4545,15.21,21,23.877,11\" transform=\"translate(-0.877)\" style=\"fill:none;stroke:#0d3276\"><\/path><\/svg><br \/>\n\t\t\t\t\t\t\t\t\t\tProcesso em tempo real\n\t\t\t\t\t\t\t\t\t<\/li>\n<li>\n\t\t\t\t\t\t\t<svg xmlns=\"http:\/\/www.w3.org\/2000\/svg\" id=\"fa0b17c7-412d-4376-bb37-94dca2d30d12\" data-name=\"Layer 1\" width=\"32\" height=\"32\" viewBox=\"0 0 32 32\"><circle cx=\"16\" cy=\"16\" r=\"16\" style=\"isolation:isolate\"><\/circle><path d=\"M10.877,16.4545,15.21,21,23.877,11\" transform=\"translate(-0.877)\" style=\"fill:none;stroke:#0d3276\"><\/path><\/svg><br \/>\n\t\t\t\t\t\t\t\t\t\tContato direto com o analista\n\t\t\t\t\t\t\t\t\t<\/li>\n<\/ul>\n<h1><a href=\"https:\/\/faturemed.com.br\/index.php\/servicos\/\">Faturamento<\/a><\/h1>\n<p style=\"text-align: left;\">O faturamento m\u00e9dico simplifica a cobran\u00e7a de procedimentos, garantindo agilidade, precis\u00e3o e efici\u00eancia<\/p>\n<h1><a href=\"https:\/\/faturemed.com.br\/index.php\/servicos\/\">Credenciamento<\/a><\/h1>\n<p style=\"text-align: left;\">Ajudamos abrir portas para profissionais de sa\u00fade atuarem em diferentes redes e conv\u00eanios, ampliando sua atua\u00e7\u00e3o.<\/p>\n<h1><a href=\"https:\/\/faturemed.com.br\/index.php\/servicos\/\">Contratos<\/a><\/h1>\n<p style=\"text-align: left;\">A atualiza\u00e7\u00e3o de contratos \u00e9 fundamental para garantir a sa\u00fade do seu neg\u00f3cio, alinhar condi\u00e7\u00f5es e manter parcerias s\u00f3lidas e duradouras.<\/p>\n<h4>Nossas Solu\u00e7\u00f5es <\/h4>\n<p>\t\t\t\t\t\t\t\t\t\t\t\t\t\t\t<picture><source srcset=\"https:\/\/faturemed.com.br\/wp-content\/uploads\/2023\/06\/png-transparent-physician-health-care-patient-clinic-medicine-health-service-medical-care-hospital__1_-removebg-preview.webp 479w, https:\/\/faturemed.com.br\/wp-content\/uploads\/2023\/06\/png-transparent-physician-health-care-patient-clinic-medicine-health-service-medical-care-hospital__1_-removebg-preview-276x300.png 276w\" sizes=\"auto, (max-width: 479px) 100vw, 479px\" type=\"image\/webp\"><img src=\"http:\/\/faturemed.com.br\/wp-content\/uploads\/2023\/06\/png-transparent-physician-health-care-patient-clinic-medicine-health-service-medical-care-hospital__1_-removebg-preview.png\" height=\"521\" width=\"479\" srcset=\"https:\/\/faturemed.com.br\/wp-content\/uploads\/2023\/06\/png-transparent-physician-health-care-patient-clinic-medicine-health-service-medical-care-hospital__1_-removebg-preview.png 479w, https:\/\/faturemed.com.br\/wp-content\/uploads\/2023\/06\/png-transparent-physician-health-care-patient-clinic-medicine-health-service-medical-care-hospital__1_-removebg-preview-276x300.png 276w\" sizes=\"auto, (max-width: 479px) 100vw, 479px\" class=\" sp-no-webp\" alt=\"\" decoding=\"async\" loading=\"lazy\"  > <\/picture><br \/>\n\t\t\t<a href=\"https:\/\/faturemed.com.br\/index.php\/servicos\/\"><br \/>\n\t\t\t\t\t\tSaiba mais<br \/>\n\t\t\t\t\t<\/a><\/p>\n<h1><a href=\"https:\/\/faturemed.com.br\/index.php\/servicos\/\">Recurso<br \/>\nde Glosa<\/a><\/h1>\n<p style=\"text-align: left;\">Elabora\u00e7\u00e3o e acompanhamento de recursos de glosas para casos em que os valores eram totalmente indeferidos pelas operadoras de sa\u00fade.<\/p>\n<h1><a href=\"https:\/\/faturemed.com.br\/index.php\/servicos\/\">Auditoria<\/a><\/h1>\n<p style=\"text-align: left;\">A auditoria no faturamento m\u00e9dico \u00e9 fundamental para identificar e corrigir poss\u00edveis erros, garantindo a exatid\u00e3o das cobran\u00e7as realizadas.<\/p>\n<h1><a href=\"https:\/\/faturemed.com.br\/index.php\/servicos\/\">Cursos<\/a><\/h1>\n<p style=\"text-align: left;\">\u00a0Oportunidade de adquirir conhecimento, aprimorar habilidades e se desenvolver profissionalmente.<\/p>\n<h2>N\u00f3s entraremos em contato<\/h2>\n<p>Gostaria de falar com um de nossos atendentes? Basta enviar seus dados de contato e entraremos em contato em breve. Voc\u00ea tamb\u00e9m pode nos enviar um e-mail se preferir.<\/p>\n<p>\t\t\t\t\t\t\t\t\t\t\t\t\t\t\t<img decoding=\"async\" width=\"150\" height=\"150\" src=\"http:\/\/faturemed.com.br\/wp-content\/uploads\/2023\/03\/150a6202760f4bd68f13b43c8622360b-3-150x150.png\" alt=\"\" loading=\"lazy\" srcset=\"https:\/\/faturemed.com.br\/wp-content\/uploads\/2023\/03\/150a6202760f4bd68f13b43c8622360b-3-150x150.png 150w, https:\/\/faturemed.com.br\/wp-content\/uploads\/2023\/03\/150a6202760f4bd68f13b43c8622360b-3-100x100.png 100w, https:\/\/faturemed.com.br\/wp-content\/uploads\/2023\/03\/150a6202760f4bd68f13b43c8622360b-3.png 200w\" sizes=\"auto, (max-width: 150px) 100vw, 150px\" \/>\t\t\t\t\t\t\t\t\t\t\t\t\t\t\t<\/p>\n<h2>Contact<\/h2>\n<ul>\n<li>\n\t\t\t\t\t\t\t\t\t\tcontato@faturemed.com.br\n\t\t\t\t\t\t\t\t\t<\/li>\n<li>\n\t\t\t\t\t\t\t\t\t\t(21)9590-90244\n\t\t\t\t\t\t\t\t\t<\/li>\n<\/ul>\n<p>\t\t\t\t\t<a target=\"_blank\" rel=\"noopener\"><br \/>\n\t\t\t\t\t\tTwitter<br \/>\n\t\t\t\t\t\t<svg viewBox=\"0 0 512 512\" xmlns=\"http:\/\/www.w3.org\/2000\/svg\"><path d=\"M459.37 151.716c.325 4.548.325 9.097.325 13.645 0 138.72-105.583 298.558-298.558 298.558-59.452 0-114.68-17.219-161.137-47.106 8.447.974 16.568 1.299 25.34 1.299 49.055 0 94.213-16.568 130.274-44.832-46.132-.975-84.792-31.188-98.112-72.772 6.498.974 12.995 1.624 19.818 1.624 9.421 0 18.843-1.3 27.614-3.573-48.081-9.747-84.143-51.98-84.143-102.985v-1.299c13.969 7.797 30.214 12.67 47.431 13.319-28.264-18.843-46.781-51.005-46.781-87.391 0-19.492 5.197-37.36 14.294-52.954 51.655 63.675 129.3 105.258 216.365 109.807-1.624-7.797-2.599-15.918-2.599-24.04 0-57.828 46.782-104.934 104.934-104.934 30.213 0 57.502 12.67 76.67 33.137 23.715-4.548 46.456-13.32 66.599-25.34-7.798 24.366-24.366 44.833-46.132 57.827 21.117-2.273 41.584-8.122 60.426-16.243-14.292 20.791-32.161 39.308-52.628 54.253z\"><\/path><\/svg>\t\t\t\t\t<\/a><br \/>\n\t\t\t\t\t<a href=\"https:\/\/www.instagram.com\/faturamentomedicorj\/\" target=\"_blank\" rel=\"noopener\"><br \/>\n\t\t\t\t\t\tInstagram<br \/>\n\t\t\t\t\t\t<svg viewBox=\"0 0 448 512\" xmlns=\"http:\/\/www.w3.org\/2000\/svg\"><path d=\"M224.1 141c-63.6 0-114.9 51.3-114.9 114.9s51.3 114.9 114.9 114.9S339 319.5 339 255.9 287.7 141 224.1 141zm0 189.6c-41.1 0-74.7-33.5-74.7-74.7s33.5-74.7 74.7-74.7 74.7 33.5 74.7 74.7-33.6 74.7-74.7 74.7zm146.4-194.3c0 14.9-12 26.8-26.8 26.8-14.9 0-26.8-12-26.8-26.8s12-26.8 26.8-26.8 26.8 12 26.8 26.8zm76.1 27.2c-1.7-35.9-9.9-67.7-36.2-93.9-26.2-26.2-58-34.4-93.9-36.2-37-2.1-147.9-2.1-184.9 0-35.8 1.7-67.6 9.9-93.9 36.1s-34.4 58-36.2 93.9c-2.1 37-2.1 147.9 0 184.9 1.7 35.9 9.9 67.7 36.2 93.9s58 34.4 93.9 36.2c37 2.1 147.9 2.1 184.9 0 35.9-1.7 67.7-9.9 93.9-36.2 26.2-26.2 34.4-58 36.2-93.9 2.1-37 2.1-147.8 0-184.8zM398.8 388c-7.8 19.6-22.9 34.7-42.6 42.6-29.5 11.7-99.5 9-132.1 9s-102.7 2.6-132.1-9c-19.6-7.8-34.7-22.9-42.6-42.6-11.7-29.5-9-99.5-9-132.1s-2.6-102.7 9-132.1c7.8-19.6 22.9-34.7 42.6-42.6 29.5-11.7 99.5-9 132.1-9s102.7-2.6 132.1 9c19.6 7.8 34.7 22.9 42.6 42.6 11.7 29.5 9 99.5 9 132.1s2.7 102.7-9 132.1z\"><\/path><\/svg>\t\t\t\t\t<\/a><br \/>\n\t\t\t\t\t<a target=\"_blank\" rel=\"noopener\"><br \/>\n\t\t\t\t\t\tFacebook<br \/>\n\t\t\t\t\t\t<svg viewBox=\"0 0 512 512\" xmlns=\"http:\/\/www.w3.org\/2000\/svg\"><path d=\"M504 256C504 119 393 8 256 8S8 119 8 256c0 123.78 90.69 226.38 209.25 245V327.69h-63V256h63v-54.64c0-62.15 37-96.48 93.67-96.48 27.14 0 55.52 4.84 55.52 4.84v61h-31.28c-30.8 0-40.41 19.12-40.41 38.73V256h68.78l-11 71.69h-57.78V501C413.31 482.38 504 379.78 504 256z\"><\/path><\/svg>\t\t\t\t\t<\/a><\/p>\n<h2>&copy; copyright WPDeveloper 2023<\/h2>\n<ul>\n<li>\n\t\t\t\t\t\t\t\t\t\t\t<a href=\"#\"><br \/>\n\t\t\t\t\t\t\t\t\t\t\tPrivacy Policy<br \/>\n\t\t\t\t\t\t\t\t\t\t\t<\/a>\n\t\t\t\t\t\t\t\t\t<\/li>\n<li>\n\t\t\t\t\t\t\t\t\t\t\t<a href=\"#\"><br \/>\n\t\t\t\t\t\t\t\t\t\t\tTerms &#038; Conditions<br \/>\n\t\t\t\t\t\t\t\t\t\t\t<\/a>\n\t\t\t\t\t\t\t\t\t<\/li>\n<\/ul>\n","protected":false},"excerpt":{"rendered":"<p>E-mail adm@faturemed.com.br ENDERE\u00c7O. Presidente Vargas 435 Faturamento M\u00e9dico Terceirizado. N\u00f3s oferecemos solu\u00e7\u00f5es eficazes para garantir que voc\u00ea esteja sempre em conformidade e recebendo o valor m\u00e1ximo pelo seu Faturamento M\u00e9dico. Confie em n\u00f3s para lhe ajudar a se concentrar no que realmente importa, atender seus pacientes. Fale Conosco Faturamento M\u00e9dico Terceirizado no rio de janeiro [&hellip;]<\/p>\n","protected":false},"author":1,"featured_media":1624,"parent":0,"menu_order":0,"comment_status":"closed","ping_status":"closed","template":"elementor_canvas","meta":{"_eb_attr":"","_mi_skip_tracking":false,"_monsterinsights_sitenote_active":false,"_monsterinsights_sitenote_note":"","_monsterinsights_sitenote_category":0,"_joinchat":[],"footnotes":""},"class_list":["post-248","page","type-page","status-publish","has-post-thumbnail","hentry"],"acf":[],"yoast_head":"<!-- This site is optimized with the Yoast SEO plugin v26.2 - https:\/\/yoast.com\/wordpress\/plugins\/seo\/ -->\n<title>Faturamento M\u00e9dico Hospitalar Terceirizado - Rio de janeiro<\/title>\n<meta name=\"description\" content=\"Prestamos servi\u00e7os de Faturamento M\u00e9dico Hospitalar Terceirizado I Recurso de Glosa I Credenciamento M\u00e9dico I Auditoria M\u00e9dica I Cursos\" \/>\n<meta name=\"robots\" content=\"index, follow, max-snippet:-1, max-image-preview:large, max-video-preview:-1\" \/>\n<link rel=\"canonical\" href=\"https:\/\/faturemed.com.br\/index.php\/inicio\/\" \/>\n<meta property=\"og:locale\" content=\"pt_BR\" \/>\n<meta property=\"og:type\" content=\"article\" \/>\n<meta property=\"og:title\" content=\"Faturamento M\u00e9dico Hospitalar Terceirizado - Rio de janeiro\" \/>\n<meta property=\"og:description\" content=\"Prestamos servi\u00e7os de Faturamento M\u00e9dico Hospitalar Terceirizado I Recurso de Glosa I Credenciamento M\u00e9dico I Auditoria M\u00e9dica I Cursos\" \/>\n<meta property=\"og:url\" content=\"https:\/\/faturemed.com.br\/index.php\/inicio\/\" \/>\n<meta property=\"og:site_name\" content=\"Faturamento M\u00e9dico\" \/>\n<meta property=\"article:publisher\" content=\"https:\/\/www.facebook.com\/people\/Fature-Med-Hospitalar\/100063651426118\/\" \/>\n<meta property=\"article:modified_time\" content=\"2025-06-27T13:52:28+00:00\" \/>\n<meta property=\"og:image\" content=\"https:\/\/faturemed.com.br\/wp-content\/uploads\/2023\/03\/150a6202760f4bd68f13b43c8622360b-1.png\" \/>\n\t<meta property=\"og:image:width\" content=\"300\" \/>\n\t<meta property=\"og:image:height\" content=\"300\" \/>\n\t<meta property=\"og:image:type\" content=\"image\/png\" \/>\n<meta name=\"twitter:card\" content=\"summary_large_image\" \/>\n<meta name=\"twitter:image\" content=\"https:\/\/faturemed.com.br\/wp-content\/uploads\/2023\/03\/4_Home_Doctors_Online_Consultation-Hero.jpg\" \/>\n<meta name=\"twitter:label1\" content=\"Est. tempo de leitura\" \/>\n\t<meta name=\"twitter:data1\" content=\"3 minutos\" \/>\n<script type=\"application\/ld+json\" class=\"yoast-schema-graph\">{\"@context\":\"https:\/\/schema.org\",\"@graph\":[{\"@type\":\"WebPage\",\"@id\":\"https:\/\/faturemed.com.br\/index.php\/inicio\/\",\"url\":\"https:\/\/faturemed.com.br\/index.php\/inicio\/\",\"name\":\"Faturamento M\u00e9dico Hospitalar Terceirizado - Rio de janeiro\",\"isPartOf\":{\"@id\":\"https:\/\/faturemed.com.br\/#website\"},\"primaryImageOfPage\":{\"@id\":\"https:\/\/faturemed.com.br\/index.php\/inicio\/#primaryimage\"},\"image\":{\"@id\":\"https:\/\/faturemed.com.br\/index.php\/inicio\/#primaryimage\"},\"thumbnailUrl\":\"https:\/\/faturemed.com.br\/wp-content\/uploads\/2023\/03\/150a6202760f4bd68f13b43c8622360b-1.png\",\"datePublished\":\"2023-01-26T20:58:31+00:00\",\"dateModified\":\"2025-06-27T13:52:28+00:00\",\"description\":\"Prestamos servi\u00e7os de Faturamento M\u00e9dico Hospitalar Terceirizado I Recurso de Glosa I Credenciamento M\u00e9dico I Auditoria M\u00e9dica I Cursos\",\"breadcrumb\":{\"@id\":\"https:\/\/faturemed.com.br\/index.php\/inicio\/#breadcrumb\"},\"inLanguage\":\"pt-BR\",\"potentialAction\":[{\"@type\":\"ReadAction\",\"target\":[\"https:\/\/faturemed.com.br\/index.php\/inicio\/\"]}]},{\"@type\":\"ImageObject\",\"inLanguage\":\"pt-BR\",\"@id\":\"https:\/\/faturemed.com.br\/index.php\/inicio\/#primaryimage\",\"url\":\"https:\/\/faturemed.com.br\/wp-content\/uploads\/2023\/03\/150a6202760f4bd68f13b43c8622360b-1.png\",\"contentUrl\":\"https:\/\/faturemed.com.br\/wp-content\/uploads\/2023\/03\/150a6202760f4bd68f13b43c8622360b-1.png\",\"width\":300,\"height\":300,\"caption\":\"A Fature Med \u2013 Faturamento M\u00e9dico \u00e9 uma empresa especializada em servi\u00e7os de Faturamento M\u00e9dico, criada para ajudar profissionais da sa\u00fade a gerenciar suas finan\u00e7as e otimizar seus processos de reembolso. Com uma equipe de especialistas altamente qualificados e uma abordagem personalizada, a Fature Med oferece solu\u00e7\u00f5es eficientes e motivadas que ajudam os profissionais a focar no que realmente importa: o atendimento aos pacientes.\"},{\"@type\":\"BreadcrumbList\",\"@id\":\"https:\/\/faturemed.com.br\/index.php\/inicio\/#breadcrumb\",\"itemListElement\":[{\"@type\":\"ListItem\",\"position\":1,\"name\":\"Home\",\"item\":\"https:\/\/faturemed.com.br\/\"},{\"@type\":\"ListItem\",\"position\":2,\"name\":\"In\u00edcio\"}]},{\"@type\":\"WebSite\",\"@id\":\"https:\/\/faturemed.com.br\/#website\",\"url\":\"https:\/\/faturemed.com.br\/\",\"name\":\"Faturamento M\u00e9dico\",\"description\":\"Faturamento M\u00e9dico I\",\"publisher\":{\"@id\":\"https:\/\/faturemed.com.br\/#organization\"},\"alternateName\":\"Faturamento M\u00e9dico\",\"potentialAction\":[{\"@type\":\"SearchAction\",\"target\":{\"@type\":\"EntryPoint\",\"urlTemplate\":\"https:\/\/faturemed.com.br\/?s={search_term_string}\"},\"query-input\":{\"@type\":\"PropertyValueSpecification\",\"valueRequired\":true,\"valueName\":\"search_term_string\"}}],\"inLanguage\":\"pt-BR\"},{\"@type\":\"Organization\",\"@id\":\"https:\/\/faturemed.com.br\/#organization\",\"name\":\"Faturamento M\u00e9dico\",\"alternateName\":\"Faturamento M\u00e9dico\",\"url\":\"https:\/\/faturemed.com.br\/\",\"logo\":{\"@type\":\"ImageObject\",\"inLanguage\":\"pt-BR\",\"@id\":\"https:\/\/faturemed.com.br\/#\/schema\/logo\/image\/\",\"url\":\"https:\/\/faturemed.com.br\/wp-content\/uploads\/2023\/01\/150a6202760f4bd68f13b43c8622360b-2.png\",\"contentUrl\":\"https:\/\/faturemed.com.br\/wp-content\/uploads\/2023\/01\/150a6202760f4bd68f13b43c8622360b-2.png\",\"width\":400,\"height\":400,\"caption\":\"Faturamento M\u00e9dico\"},\"image\":{\"@id\":\"https:\/\/faturemed.com.br\/#\/schema\/logo\/image\/\"},\"sameAs\":[\"https:\/\/www.facebook.com\/people\/Fature-Med-Hospitalar\/100063651426118\/\",\"https:\/\/www.instagram.com\/faturamentohospitalarbrasil\/\"]}]}<\/script>\n<!-- \/ Yoast SEO plugin. -->","yoast_head_json":{"title":"Faturamento M\u00e9dico Hospitalar Terceirizado - Rio de janeiro","description":"Prestamos servi\u00e7os de Faturamento M\u00e9dico Hospitalar Terceirizado I Recurso de Glosa I Credenciamento M\u00e9dico I Auditoria M\u00e9dica I Cursos","robots":{"index":"index","follow":"follow","max-snippet":"max-snippet:-1","max-image-preview":"max-image-preview:large","max-video-preview":"max-video-preview:-1"},"canonical":"https:\/\/faturemed.com.br\/index.php\/inicio\/","og_locale":"pt_BR","og_type":"article","og_title":"Faturamento M\u00e9dico Hospitalar Terceirizado - Rio de janeiro","og_description":"Prestamos servi\u00e7os de Faturamento M\u00e9dico Hospitalar Terceirizado I Recurso de Glosa I Credenciamento M\u00e9dico I Auditoria M\u00e9dica I Cursos","og_url":"https:\/\/faturemed.com.br\/index.php\/inicio\/","og_site_name":"Faturamento M\u00e9dico","article_publisher":"https:\/\/www.facebook.com\/people\/Fature-Med-Hospitalar\/100063651426118\/","article_modified_time":"2025-06-27T13:52:28+00:00","og_image":[{"width":300,"height":300,"url":"https:\/\/faturemed.com.br\/wp-content\/uploads\/2023\/03\/150a6202760f4bd68f13b43c8622360b-1.png","type":"image\/png"}],"twitter_card":"summary_large_image","twitter_image":"https:\/\/faturemed.com.br\/wp-content\/uploads\/2023\/03\/4_Home_Doctors_Online_Consultation-Hero.jpg","twitter_misc":{"Est. tempo de leitura":"3 minutos"},"schema":{"@context":"https:\/\/schema.org","@graph":[{"@type":"WebPage","@id":"https:\/\/faturemed.com.br\/index.php\/inicio\/","url":"https:\/\/faturemed.com.br\/index.php\/inicio\/","name":"Faturamento M\u00e9dico Hospitalar Terceirizado - Rio de janeiro","isPartOf":{"@id":"https:\/\/faturemed.com.br\/#website"},"primaryImageOfPage":{"@id":"https:\/\/faturemed.com.br\/index.php\/inicio\/#primaryimage"},"image":{"@id":"https:\/\/faturemed.com.br\/index.php\/inicio\/#primaryimage"},"thumbnailUrl":"https:\/\/faturemed.com.br\/wp-content\/uploads\/2023\/03\/150a6202760f4bd68f13b43c8622360b-1.png","datePublished":"2023-01-26T20:58:31+00:00","dateModified":"2025-06-27T13:52:28+00:00","description":"Prestamos servi\u00e7os de Faturamento M\u00e9dico Hospitalar Terceirizado I Recurso de Glosa I Credenciamento M\u00e9dico I Auditoria M\u00e9dica I Cursos","breadcrumb":{"@id":"https:\/\/faturemed.com.br\/index.php\/inicio\/#breadcrumb"},"inLanguage":"pt-BR","potentialAction":[{"@type":"ReadAction","target":["https:\/\/faturemed.com.br\/index.php\/inicio\/"]}]},{"@type":"ImageObject","inLanguage":"pt-BR","@id":"https:\/\/faturemed.com.br\/index.php\/inicio\/#primaryimage","url":"https:\/\/faturemed.com.br\/wp-content\/uploads\/2023\/03\/150a6202760f4bd68f13b43c8622360b-1.png","contentUrl":"https:\/\/faturemed.com.br\/wp-content\/uploads\/2023\/03\/150a6202760f4bd68f13b43c8622360b-1.png","width":300,"height":300,"caption":"A Fature Med \u2013 Faturamento M\u00e9dico \u00e9 uma empresa especializada em servi\u00e7os de Faturamento M\u00e9dico, criada para ajudar profissionais da sa\u00fade a gerenciar suas finan\u00e7as e otimizar seus processos de reembolso. Com uma equipe de especialistas altamente qualificados e uma abordagem personalizada, a Fature Med oferece solu\u00e7\u00f5es eficientes e motivadas que ajudam os profissionais a focar no que realmente importa: o atendimento aos pacientes."},{"@type":"BreadcrumbList","@id":"https:\/\/faturemed.com.br\/index.php\/inicio\/#breadcrumb","itemListElement":[{"@type":"ListItem","position":1,"name":"Home","item":"https:\/\/faturemed.com.br\/"},{"@type":"ListItem","position":2,"name":"In\u00edcio"}]},{"@type":"WebSite","@id":"https:\/\/faturemed.com.br\/#website","url":"https:\/\/faturemed.com.br\/","name":"Faturamento M\u00e9dico","description":"Faturamento M\u00e9dico I","publisher":{"@id":"https:\/\/faturemed.com.br\/#organization"},"alternateName":"Faturamento M\u00e9dico","potentialAction":[{"@type":"SearchAction","target":{"@type":"EntryPoint","urlTemplate":"https:\/\/faturemed.com.br\/?s={search_term_string}"},"query-input":{"@type":"PropertyValueSpecification","valueRequired":true,"valueName":"search_term_string"}}],"inLanguage":"pt-BR"},{"@type":"Organization","@id":"https:\/\/faturemed.com.br\/#organization","name":"Faturamento M\u00e9dico","alternateName":"Faturamento M\u00e9dico","url":"https:\/\/faturemed.com.br\/","logo":{"@type":"ImageObject","inLanguage":"pt-BR","@id":"https:\/\/faturemed.com.br\/#\/schema\/logo\/image\/","url":"https:\/\/faturemed.com.br\/wp-content\/uploads\/2023\/01\/150a6202760f4bd68f13b43c8622360b-2.png","contentUrl":"https:\/\/faturemed.com.br\/wp-content\/uploads\/2023\/01\/150a6202760f4bd68f13b43c8622360b-2.png","width":400,"height":400,"caption":"Faturamento M\u00e9dico"},"image":{"@id":"https:\/\/faturemed.com.br\/#\/schema\/logo\/image\/"},"sameAs":["https:\/\/www.facebook.com\/people\/Fature-Med-Hospitalar\/100063651426118\/","https:\/\/www.instagram.com\/faturamentohospitalarbrasil\/"]}]}},"_links":{"self":[{"href":"https:\/\/faturemed.com.br\/index.php\/wp-json\/wp\/v2\/pages\/248","targetHints":{"allow":["GET"]}}],"collection":[{"href":"https:\/\/faturemed.com.br\/index.php\/wp-json\/wp\/v2\/pages"}],"about":[{"href":"https:\/\/faturemed.com.br\/index.php\/wp-json\/wp\/v2\/types\/page"}],"author":[{"embeddable":true,"href":"https:\/\/faturemed.com.br\/index.php\/wp-json\/wp\/v2\/users\/1"}],"replies":[{"embeddable":true,"href":"https:\/\/faturemed.com.br\/index.php\/wp-json\/wp\/v2\/comments?post=248"}],"version-history":[{"count":6,"href":"https:\/\/faturemed.com.br\/index.php\/wp-json\/wp\/v2\/pages\/248\/revisions"}],"predecessor-version":[{"id":2366,"href":"https:\/\/faturemed.com.br\/index.php\/wp-json\/wp\/v2\/pages\/248\/revisions\/2366"}],"wp:featuredmedia":[{"embeddable":true,"href":"https:\/\/faturemed.com.br\/index.php\/wp-json\/wp\/v2\/media\/1624"}],"wp:attachment":[{"href":"https:\/\/faturemed.com.br\/index.php\/wp-json\/wp\/v2\/media?parent=248"}],"curies":[{"name":"wp","href":"https:\/\/api.w.org\/{rel}","templated":true}]}}